{"id":6163,"date":"2020-04-27T10:21:29","date_gmt":"2020-04-27T08:21:29","guid":{"rendered":"https:\/\/www.mayr-arbeitsrecht.de\/?page_id=6163"},"modified":"2020-04-27T10:21:29","modified_gmt":"2020-04-27T08:21:29","slug":"supplementary-agreement-on-short-time-work","status":"publish","type":"page","link":"https:\/\/www.mayr-arbeitsrecht.de\/en\/tools-documents\/supplementary-agreement-on-short-time-work\/","title":{"rendered":"Supplementary Agreement on Short-Time Work"},"content":{"rendered":"<p style=\"text-align: left;\"><strong>Erg\u00e4nzungsvereinbarung zum Arbeitsvertrag \/ Supplementary Agreement to the Employment Contract<\/strong><\/p>\n<p>zwischen \/ between<\/p>\n<p>[Name\/Adresse]<\/p>\n<p>&#8211; nachfolgend \u201e<strong>Arbeitgeberin<\/strong>\u201c genannt \/ referred to as <strong>\u201eEmployer\u201c<\/strong> &#8211;<\/p>\n<p>und \/ and<\/p>\n<p>[Name\/Adresse]<\/p>\n<p>&#8211; nachfolgend \u201e<strong>Arbeitnehmer<\/strong>\u201c genannt \/ referred to as <strong>\u201eEmployee\u201c<\/strong> &#8211;<\/p>\n<p>&nbsp;<\/p>\n<table width=\"0\">\n<tbody>\n<tr>\n<td width=\"313\">wird mit Wirkung ab dem ___ folgende Erg\u00e4nzungsvereinbarung zum Arbeitsvertrag geschlossen:<\/td>\n<td width=\"313\">With effect from ___, the following amendment to the employment contract is agreed on:<\/td>\n<\/tr>\n<tr>\n<td width=\"313\"><strong>Pr\u00e4ambel<\/strong><\/td>\n<td width=\"313\"><strong>Preamble<\/strong><\/td>\n<\/tr>\n<tr>\n<td width=\"313\">Die seit Anfang des Jahres 2020 herrschende Corona-Pandemie hat unmittelbare Auswirkungen auf den Besch\u00e4ftigungsbedarf im Betrieb des Arbeitgebers\/der Arbeitgeberin. Der Betrieb hat aufgrund von \u2026 \/ aus den folgenden Gr\u00fcnden einen erheblichen und nicht vermeidbaren Arbeitsausfall zu verzeichnen.\u00a0 (\u2026)<\/p>\n<p>Um den Fortbestand des Betriebes zu sichern, ist deshalb die Einf\u00fchrung von Kurzarbeit erforderlich.<\/td>\n<td width=\"313\">The corona pandemic that has been prevalent since the beginning of 2020 has a direct impact on the employment needs of the employer&#8217;s company. The company has recorded a considerable and unavoidable loss of working hours due to &#8230; \/ for the following reasons.\u00a0 (\u2026)<\/p>\n<p>The introduction of short-time working is therefore necessary to ensure the continued existence of the company.<\/td>\n<\/tr>\n<tr>\n<td width=\"313\"><strong>1. Vereinbarung von Kurzarbeit, Dauer <\/strong><\/td>\n<td width=\"313\"><strong>1. 1. Agreement on short-time work and Duration<\/strong><\/td>\n<\/tr>\n<tr>\n<td width=\"313\">Die Vertragsparteien einigen sich darauf, dass f\u00fcr das Arbeitsverh\u00e4ltnis Kurzarbeit im Sinne von \u00a7\u00a7 95 ff SGB III eingef\u00fchrt wird, um das Unternehmen w\u00e4hrend der Corona-Pandemie zu entlasten und den Arbeitsplatz des\/der Arbeitnehmers\/in m\u00f6glichst zu sichern. Die Kurzarbeit beginnt am ___ und endet voraussichtlich am ___ .<\/td>\n<td width=\"313\">The contracting parties agree that short-time work within the meaning of \u00a7\u00a7 95 ff SGB III will be introduced for the employment relationship in order to relieve the company during the Corona pandemic and to secure the employee&#8217;s job as far as possible. Short-time work begins on ___ and is expected to end on ___ .<\/td>\n<\/tr>\n<tr>\n<td width=\"313\"><strong>2. Arbeitszeit<\/strong><\/td>\n<td width=\"313\"><strong>2. Working Hours<\/strong><\/td>\n<\/tr>\n<tr>\n<td width=\"313\">2.1. Die Arbeitszeit wird w\u00e4hrend der Kurzarbeit zun\u00e4chst von ___ auf ___ Wochenstunden reduziert. Die Arbeitszeit wird wie folgt verteilt: (&#8230;) .<\/p>\n<p>2.2. Da der Arbeitsausfall aufgrund der Unsicherheit der Sachlage nicht prognostiziert werden kann, kann die Notwendigkeit bestehen, die Kurzarbeit anzupassen. Die Arbeitszeit kann auch dahingehen angepasst werden, dass vom Arbeitnehmer\/von der Arbeitnehmerin \u00fcberhaupt keine Arbeitsleistung mehr erbracht wird (\u201eKurzarbeit Null\u201c).<\/p>\n<p>Bei Verbesserung der wirtschaftlichen Lage kann der\/die Arbeitgeber\/in die Kurzarbeit sofort abbrechen und den\/die Arbeitnehmer\/in jederzeit zur Wiederaufnahme der vollen T\u00e4tigkeit zur\u00fcckrufen.<\/p>\n<p>&nbsp;<\/p>\n<p>2.3. Die Arbeitszeit wird dem Arbeitsanfall w\u00f6chentlich angepasst.<\/p>\n<p>Die Anpassung wird 5 Tage zuvor in Textform dem\/der Arbeitnehmer\/in mitgeteilt.<\/p>\n<p><strong><br \/>\n<\/strong>2.4. Sollten nach dem unter 1. bestimmten Zeitraum erneut die Voraussetzungen f\u00fcr die Kurzarbeit vorliegen und der\/die Arbeitgeber\/in erneut Kurzarbeitergeld beantragen, hat er\/sie bei der Anordnung der Kurzarbeit eine angemessene Ank\u00fcndigungsfrist einzuhalten.<\/td>\n<td width=\"313\">2.1. During the short-time period, the working hours are reduced from ___ to ___ hours per week. \/ \/The working time is distributed as follows: (&#8230;) .<\/p>\n<p>2.2. As the loss of working hours cannot be forecast due to the uncertainty of the situation, it may be necessary to adjust the short-time working arrangements. The working hours may also be adjusted in such a way that the employee no longer performs any work at all (&#8220;zero short-time work&#8221; \/ \u201cKurzarbeit null\u201d.).<\/p>\n<p>If the economic situation improves, the employer can terminate the short-time work immediately and recall the employee at any time to resume full employment.<\/p>\n<p><strong>\u00a0<\/strong><\/p>\n<p>2.3. The working hours are adjusted weekly according to the workload.<\/p>\n<p>The employee will be informed of the adjustment 5 days in advance in text form.<\/p>\n<p><strong><br \/>\n<\/strong>2.4. If, after the period determined under 1. above, the conditions for short-time work are again met and the employer again applies for short-time work compensation, he\/she must observe a reasonable period of notice when ordering short-time work.<\/td>\n<\/tr>\n<tr>\n<td width=\"313\"><strong>3. Kurzarbeitergeld und Aufstockung durch den\/die Arbeitgeber\/in<\/strong><\/td>\n<td width=\"313\"><strong>3. Short-time allowance and additional payment by the employer<\/strong><\/td>\n<\/tr>\n<tr>\n<td width=\"313\">3.1. F\u00fcr die Dauer der Kurzarbeit vermindert sich das Arbeitsentgelt des\/der Arbeitnehmers\/in entsprechend.<\/p>\n<p>3.2. Der\/die Arbeitgeber\/in stellt unverz\u00fcglich die erforderlichen Antr\u00e4ge zur Bewilligung von Kurzarbeitergeld bei der Bundesagentur f\u00fcr Arbeit. Die Berechnung und Auszahlung des Kurzarbeitergeldes erfolgt durch den\/die Arbeitgeber\/in.<\/p>\n<p>3.3. Der\/die Arbeitnehmer\/in erh\u00e4lt vom Arbeitgeber\/von der Arbeitgeberin eine Aufstockung des von der Agentur f\u00fcr Arbeit zu erwartenden Kurzarbeitergeldes auf ___% des Unterschiedsbetrages zwischen dem bisherigen Nettoeinkommen und dem tats\u00e4chlichen Nettoeinkommen nach Einf\u00fchrung von Kurzarbeit einschlie\u00dflich des Kurzarbeitergeldes.<\/p>\n<p>Der Zuschuss zum Kurzarbeitergeld wird zusammen mit der \u00fcblichen Entgeltauszahlung gezahlt. Dies gilt unabh\u00e4ngig von dem Zeitpunkt der Auszahlung durch die Bundesagentur f\u00fcr Arbeit.<\/p>\n<p>Diese Aufstockung ist freiwillig und f\u00fchrt zu keinem Rechtsanspruch. Der Arbeitgeber kann jederzeit die Aufstockung einstellen.<\/td>\n<td width=\"313\">3.1. For the duration of the short-time work, the employee&#8217;s remuneration is reduced accordingly.<\/p>\n<p>3.2. The employer shall immediately submit the necessary applications to the Federal Employment Agency for the approval of short-time work compensation. The calculation and payment of the short-time allowance is carried out by the employer.<\/p>\n<p>3.3. The employee receives from the employer an increase in the short-time allowance expected from the Federal Employment Agency to ___% of the difference between the previous net income and the actual net income after the introduction of short-time work, including short-time alowance.<\/p>\n<p>The increase to the short-time allowance is paid together with the usual remuneration. This applies irrespective of the time of payment by the Federal Employment Agency.<\/p>\n<p>This increase is voluntary and does not result in any legal entitlement. The employer can stop paying the increase at any time.<\/td>\n<\/tr>\n<tr>\n<td width=\"313\"><strong>4. Urlaub und Krankheit<\/strong><\/td>\n<td width=\"313\"><strong>4. Holiday Entitlement and Illness<\/strong><\/td>\n<\/tr>\n<tr>\n<td width=\"313\">4.1. F\u00fcr die Berechnung des Urlaubsentgelts nach \u00a7 11 BurlG bleiben Verdienstk\u00fcrzungen infolge der Kurzarbeit au\u00dfer Betracht. Wenn w\u00e4hrend des Bezuges von Kurzarbeitergeld Arbeitsunf\u00e4higkeit eintritt, besteht der Anspruch auf Kurzarbeitergeld fort, solange ohne den Arbeitsausfall Anspruch auf Fortzahlung des Arbeitsentgelts im Krankheitsfall bestehen w\u00fcrde.<\/p>\n<p>&nbsp;<\/p>\n<p>4.2. F\u00fcr den Bezug von Kurzarbeitergeld ist der Abbau von bestehenden \u00dcberstundenguthaben, Resturlaubsanspr\u00fcchen und Urlaubsanspr\u00fcchen, die noch nicht verplant sind, erforderlich.<br \/>\nDer\/die Arbeitgeber\/in kann anordnen, dass \u00dcberstundenguthaben, Resturlaubsanspr\u00fcche und Urlaubsanspr\u00fcche vor Einf\u00fchrung der Kurzarbeit eingesetzt werden, soweit vorrangige Urlaubsw\u00fcnsche des\/der Arbeitnehmers\/in nicht entgegenstehen<\/td>\n<td width=\"313\">4.1. Reductions in earnings due to short-time work are not taken into account for the calculation of holiday pay according to \u00a7 11 BUrlG. If incapacity for work occurs while the employee is receiving short-time allowance, the entitlement to short-time allowance continues to exist as long as the employee would be entitled to continued remuneration in the event of illness without the cut of working hours due to the short-time period.<\/p>\n<p>4.2 In order to receive short-time working compensation, it is necessary to reduce existing overtime credits, residual holiday entitlements and holiday entitlements not yet planned.<\/p>\n<p>&nbsp;<\/p>\n<p>The employer may order that overtime credits, remaining holiday entitlements and holiday entitlements be used before the introduction of short-time work, provided that this does not conflict with priority holiday wishes of the employee.<\/td>\n<\/tr>\n<tr>\n<td width=\"313\"><strong>5. Sonstiges<\/strong><\/td>\n<td width=\"313\"><strong>5. Miscellaneous<\/strong><\/td>\n<\/tr>\n<tr>\n<td width=\"313\">Im \u00dcbrigen bleiben die Regelungen des Arbeitsvertrages vom ___ unber\u00fchrt.<\/td>\n<td width=\"313\">Otherwise, the provisions of the employment contract from ___ remain unaffected.<\/td>\n<\/tr>\n<\/tbody>\n<\/table>\n<p>&nbsp;<\/p>\n<p>________________________________________<\/p>\n<p>(Datum, Ort, Arbeitnehmer \/ Date, Place, Signature of the Employee)<\/p>\n<p>________________________________________<\/p>\n<p>(Datum, Ort, Arbeitgeber \/ Date, Place, Signature of the Employer)<\/p>\n","protected":false},"excerpt":{"rendered":"<p>Erg\u00e4nzungsvereinbarung zum Arbeitsvertrag \/ Supplementary Agreement to the Employment Contract zwischen \/ between [Name\/Adresse] &#8211; nachfolgend \u201eArbeitgeberin\u201c genannt \/ referred to as \u201eEmployer\u201c &#8211; und \/ and [Name\/Adresse] &#8211; nachfolgend \u201eArbeitnehmer\u201c genannt \/ referred to as \u201eEmployee\u201c &#8211; &nbsp; wird mit Wirkung ab dem ___ folgende Erg\u00e4nzungsvereinbarung zum Arbeitsvertrag geschlossen: With effect from ___, the following amendment to the employment [&hellip;]<\/p>\n","protected":false},"author":12,"featured_media":0,"parent":751,"menu_order":0,"comment_status":"closed","ping_status":"closed","template":"","meta":{"_acf_changed":false,"footnotes":""},"class_list":["post-6163","page","type-page","status-publish","hentry"],"acf":[],"yoast_head":"<!-- This site is optimized with the Yoast SEO Premium plugin v24.2 (Yoast SEO v27.3) - https:\/\/yoast.com\/product\/yoast-seo-premium-wordpress\/ -->\n<title>Supplementary Agreement on Short-Time Work | MAYR Arbeitsrecht<\/title>\n<meta name=\"description\" content=\"Supplementary Agreement on Short-Time Work\" \/>\n<meta name=\"robots\" content=\"index, follow, max-snippet:-1, max-image-preview:large, max-video-preview:-1\" \/>\n<link rel=\"canonical\" href=\"https:\/\/www.mayr-arbeitsrecht.de\/en\/tools-documents\/supplementary-agreement-on-short-time-work\/\" \/>\n<meta property=\"og:locale\" content=\"en_US\" \/>\n<meta property=\"og:type\" content=\"article\" \/>\n<meta property=\"og:title\" content=\"Supplementary Agreement on Short-Time Work\" \/>\n<meta property=\"og:description\" content=\"Supplementary Agreement on Short-Time Work\" \/>\n<meta property=\"og:url\" content=\"https:\/\/www.mayr-arbeitsrecht.de\/en\/tools-documents\/supplementary-agreement-on-short-time-work\/\" \/>\n<meta property=\"og:site_name\" content=\"Mayr - Kanzlei f\u00fcr Arbeitsrecht\" \/>\n<meta property=\"article:publisher\" content=\"https:\/\/www.facebook.com\/MAYR-Kanzlei-fr-Arbeitsrecht-216228398402465\/\" \/>\n<meta property=\"og:image\" content=\"https:\/\/www.mayr-arbeitsrecht.de\/wp-content\/uploads\/2018\/08\/MAYR_Social-Media.jpg\" \/>\n<meta name=\"twitter:card\" content=\"summary_large_image\" \/>\n<meta name=\"twitter:site\" content=\"@mayrarbeitsrech\" \/>\n<meta name=\"twitter:label1\" content=\"Est. reading time\" \/>\n\t<meta name=\"twitter:data1\" content=\"6 minutes\" \/>\n<script type=\"application\/ld+json\" class=\"yoast-schema-graph\">{\"@context\":\"https:\\\/\\\/schema.org\",\"@graph\":[{\"@type\":\"WebPage\",\"@id\":\"https:\\\/\\\/www.mayr-arbeitsrecht.de\\\/en\\\/tools-documents\\\/supplementary-agreement-on-short-time-work\\\/\",\"url\":\"https:\\\/\\\/www.mayr-arbeitsrecht.de\\\/en\\\/tools-documents\\\/supplementary-agreement-on-short-time-work\\\/\",\"name\":\"Supplementary Agreement on Short-Time Work | MAYR Arbeitsrecht\",\"isPartOf\":{\"@id\":\"https:\\\/\\\/www.mayr-arbeitsrecht.de\\\/#website\"},\"datePublished\":\"2020-04-27T08:21:29+00:00\",\"description\":\"Supplementary Agreement on Short-Time Work\",\"breadcrumb\":{\"@id\":\"https:\\\/\\\/www.mayr-arbeitsrecht.de\\\/en\\\/tools-documents\\\/supplementary-agreement-on-short-time-work\\\/#breadcrumb\"},\"inLanguage\":\"en-US\",\"potentialAction\":[{\"@type\":\"ReadAction\",\"target\":[\"https:\\\/\\\/www.mayr-arbeitsrecht.de\\\/en\\\/tools-documents\\\/supplementary-agreement-on-short-time-work\\\/\"]}]},{\"@type\":\"BreadcrumbList\",\"@id\":\"https:\\\/\\\/www.mayr-arbeitsrecht.de\\\/en\\\/tools-documents\\\/supplementary-agreement-on-short-time-work\\\/#breadcrumb\",\"itemListElement\":[{\"@type\":\"ListItem\",\"position\":1,\"name\":\"Home\",\"item\":\"https:\\\/\\\/www.mayr-arbeitsrecht.de\\\/en\\\/\"},{\"@type\":\"ListItem\",\"position\":2,\"name\":\"Tools &#038; Documents\",\"item\":\"https:\\\/\\\/www.mayr-arbeitsrecht.de\\\/en\\\/tools-documents\\\/\"},{\"@type\":\"ListItem\",\"position\":3,\"name\":\"Supplementary Agreement on Short-Time Work\"}]},{\"@type\":\"WebSite\",\"@id\":\"https:\\\/\\\/www.mayr-arbeitsrecht.de\\\/#website\",\"url\":\"https:\\\/\\\/www.mayr-arbeitsrecht.de\\\/\",\"name\":\"Mayr - Kanzlei f\u00fcr Arbeitsrecht\",\"description\":\"\",\"publisher\":{\"@id\":\"https:\\\/\\\/www.mayr-arbeitsrecht.de\\\/#organization\"},\"potentialAction\":[{\"@type\":\"SearchAction\",\"target\":{\"@type\":\"EntryPoint\",\"urlTemplate\":\"https:\\\/\\\/www.mayr-arbeitsrecht.de\\\/?s={search_term_string}\"},\"query-input\":{\"@type\":\"PropertyValueSpecification\",\"valueRequired\":true,\"valueName\":\"search_term_string\"}}],\"inLanguage\":\"en-US\"},{\"@type\":\"Organization\",\"@id\":\"https:\\\/\\\/www.mayr-arbeitsrecht.de\\\/#organization\",\"name\":\"Mayr - Kanzlei f\u00fcr Arbeitsrecht\",\"url\":\"https:\\\/\\\/www.mayr-arbeitsrecht.de\\\/\",\"logo\":{\"@type\":\"ImageObject\",\"inLanguage\":\"en-US\",\"@id\":\"https:\\\/\\\/www.mayr-arbeitsrecht.de\\\/#\\\/schema\\\/logo\\\/image\\\/\",\"url\":\"https:\\\/\\\/www.mayr-arbeitsrecht.de\\\/wp-content\\\/uploads\\\/2025\\\/01\\\/mayr_logo.png\",\"contentUrl\":\"https:\\\/\\\/www.mayr-arbeitsrecht.de\\\/wp-content\\\/uploads\\\/2025\\\/01\\\/mayr_logo.png\",\"width\":558,\"height\":67,\"caption\":\"Mayr - Kanzlei f\u00fcr Arbeitsrecht\"},\"image\":{\"@id\":\"https:\\\/\\\/www.mayr-arbeitsrecht.de\\\/#\\\/schema\\\/logo\\\/image\\\/\"},\"sameAs\":[\"https:\\\/\\\/www.facebook.com\\\/MAYR-Kanzlei-fr-Arbeitsrecht-216228398402465\\\/\",\"https:\\\/\\\/x.com\\\/mayrarbeitsrech\",\"https:\\\/\\\/www.instagram.com\\\/mayrarbeitsrecht\\\/?hl=de\",\"https:\\\/\\\/de.linkedin.com\\\/company\\\/mayr-kanzlei-fr-arbeitsrecht\",\"https:\\\/\\\/www.xing.com\\\/companies\\\/mayrkanzleifrarbeitsrecht\"]}]}<\/script>\n<!-- \/ Yoast SEO Premium plugin. -->","yoast_head_json":{"title":"Supplementary Agreement on Short-Time Work | MAYR Arbeitsrecht","description":"Supplementary Agreement on Short-Time Work","robots":{"index":"index","follow":"follow","max-snippet":"max-snippet:-1","max-image-preview":"max-image-preview:large","max-video-preview":"max-video-preview:-1"},"canonical":"https:\/\/www.mayr-arbeitsrecht.de\/en\/tools-documents\/supplementary-agreement-on-short-time-work\/","og_locale":"en_US","og_type":"article","og_title":"Supplementary Agreement on Short-Time Work","og_description":"Supplementary Agreement on Short-Time Work","og_url":"https:\/\/www.mayr-arbeitsrecht.de\/en\/tools-documents\/supplementary-agreement-on-short-time-work\/","og_site_name":"Mayr - Kanzlei f\u00fcr Arbeitsrecht","article_publisher":"https:\/\/www.facebook.com\/MAYR-Kanzlei-fr-Arbeitsrecht-216228398402465\/","og_image":[{"url":"https:\/\/www.mayr-arbeitsrecht.de\/wp-content\/uploads\/2018\/08\/MAYR_Social-Media.jpg","type":"","width":"","height":""}],"twitter_card":"summary_large_image","twitter_site":"@mayrarbeitsrech","twitter_misc":{"Est. reading time":"6 minutes"},"schema":{"@context":"https:\/\/schema.org","@graph":[{"@type":"WebPage","@id":"https:\/\/www.mayr-arbeitsrecht.de\/en\/tools-documents\/supplementary-agreement-on-short-time-work\/","url":"https:\/\/www.mayr-arbeitsrecht.de\/en\/tools-documents\/supplementary-agreement-on-short-time-work\/","name":"Supplementary Agreement on Short-Time Work | MAYR Arbeitsrecht","isPartOf":{"@id":"https:\/\/www.mayr-arbeitsrecht.de\/#website"},"datePublished":"2020-04-27T08:21:29+00:00","description":"Supplementary Agreement on Short-Time Work","breadcrumb":{"@id":"https:\/\/www.mayr-arbeitsrecht.de\/en\/tools-documents\/supplementary-agreement-on-short-time-work\/#breadcrumb"},"inLanguage":"en-US","potentialAction":[{"@type":"ReadAction","target":["https:\/\/www.mayr-arbeitsrecht.de\/en\/tools-documents\/supplementary-agreement-on-short-time-work\/"]}]},{"@type":"BreadcrumbList","@id":"https:\/\/www.mayr-arbeitsrecht.de\/en\/tools-documents\/supplementary-agreement-on-short-time-work\/#breadcrumb","itemListElement":[{"@type":"ListItem","position":1,"name":"Home","item":"https:\/\/www.mayr-arbeitsrecht.de\/en\/"},{"@type":"ListItem","position":2,"name":"Tools &#038; Documents","item":"https:\/\/www.mayr-arbeitsrecht.de\/en\/tools-documents\/"},{"@type":"ListItem","position":3,"name":"Supplementary Agreement on Short-Time Work"}]},{"@type":"WebSite","@id":"https:\/\/www.mayr-arbeitsrecht.de\/#website","url":"https:\/\/www.mayr-arbeitsrecht.de\/","name":"Mayr - Kanzlei f\u00fcr Arbeitsrecht","description":"","publisher":{"@id":"https:\/\/www.mayr-arbeitsrecht.de\/#organization"},"potentialAction":[{"@type":"SearchAction","target":{"@type":"EntryPoint","urlTemplate":"https:\/\/www.mayr-arbeitsrecht.de\/?s={search_term_string}"},"query-input":{"@type":"PropertyValueSpecification","valueRequired":true,"valueName":"search_term_string"}}],"inLanguage":"en-US"},{"@type":"Organization","@id":"https:\/\/www.mayr-arbeitsrecht.de\/#organization","name":"Mayr - Kanzlei f\u00fcr Arbeitsrecht","url":"https:\/\/www.mayr-arbeitsrecht.de\/","logo":{"@type":"ImageObject","inLanguage":"en-US","@id":"https:\/\/www.mayr-arbeitsrecht.de\/#\/schema\/logo\/image\/","url":"https:\/\/www.mayr-arbeitsrecht.de\/wp-content\/uploads\/2025\/01\/mayr_logo.png","contentUrl":"https:\/\/www.mayr-arbeitsrecht.de\/wp-content\/uploads\/2025\/01\/mayr_logo.png","width":558,"height":67,"caption":"Mayr - Kanzlei f\u00fcr Arbeitsrecht"},"image":{"@id":"https:\/\/www.mayr-arbeitsrecht.de\/#\/schema\/logo\/image\/"},"sameAs":["https:\/\/www.facebook.com\/MAYR-Kanzlei-fr-Arbeitsrecht-216228398402465\/","https:\/\/x.com\/mayrarbeitsrech","https:\/\/www.instagram.com\/mayrarbeitsrecht\/?hl=de","https:\/\/de.linkedin.com\/company\/mayr-kanzlei-fr-arbeitsrecht","https:\/\/www.xing.com\/companies\/mayrkanzleifrarbeitsrecht"]}]}},"_links":{"self":[{"href":"https:\/\/www.mayr-arbeitsrecht.de\/en\/wp-json\/wp\/v2\/pages\/6163","targetHints":{"allow":["GET"]}}],"collection":[{"href":"https:\/\/www.mayr-arbeitsrecht.de\/en\/wp-json\/wp\/v2\/pages"}],"about":[{"href":"https:\/\/www.mayr-arbeitsrecht.de\/en\/wp-json\/wp\/v2\/types\/page"}],"author":[{"embeddable":true,"href":"https:\/\/www.mayr-arbeitsrecht.de\/en\/wp-json\/wp\/v2\/users\/12"}],"replies":[{"embeddable":true,"href":"https:\/\/www.mayr-arbeitsrecht.de\/en\/wp-json\/wp\/v2\/comments?post=6163"}],"version-history":[{"count":3,"href":"https:\/\/www.mayr-arbeitsrecht.de\/en\/wp-json\/wp\/v2\/pages\/6163\/revisions"}],"predecessor-version":[{"id":6166,"href":"https:\/\/www.mayr-arbeitsrecht.de\/en\/wp-json\/wp\/v2\/pages\/6163\/revisions\/6166"}],"up":[{"embeddable":true,"href":"https:\/\/www.mayr-arbeitsrecht.de\/en\/wp-json\/wp\/v2\/pages\/751"}],"wp:attachment":[{"href":"https:\/\/www.mayr-arbeitsrecht.de\/en\/wp-json\/wp\/v2\/media?parent=6163"}],"curies":[{"name":"wp","href":"https:\/\/api.w.org\/{rel}","templated":true}]}}