{"id":24812,"date":"2024-09-26T13:22:36","date_gmt":"2024-09-26T11:22:49","guid":{"rendered":"https:\/\/www.mayr-arbeitsrecht.de\/services\/mediation-fuer-teams\/"},"modified":"2024-11-05T15:06:51","modified_gmt":"2024-11-05T14:06:51","slug":"mediation-fuer-teams","status":"publish","type":"page","link":"https:\/\/www.mayr-arbeitsrecht.de\/en\/services\/mediation-fuer-teams\/","title":{"rendered":"Mediation f\u00fcr Teams"},"content":{"rendered":"<p>Neben der rechtlichen Beratung bieten wir auch Mediation als eine innovatives und strukturiertes Verfahren der Konfliktl\u00f6sung an. In Teams, unter Kollegen, zwischen Vorgesetzten und Mitarbeitern, Gesch\u00e4ftsf\u00fchrung und Betriebsratsvorsitzendem &#8211; Spannungen und Konflikte geh\u00f6ren fast zum Arbeitsalltag. Mediation hilft, diese nachhaltig zu l\u00f6sen &#8211; gerade dort, wo rechtliche Mittel keine zufriedenstellenden L\u00f6sungen bieten, und ein vertrauensvolles Zusammenarbeiten und positives Arbeitsklima gro\u00dfgeschrieben wird.<\/p>\n<p>In unserer auf Arbeitsrecht spezialisierten Kanzlei steht der pers\u00f6nliche Kontakt zu unseren Mandanten und die kooperative Konfliktbeilegung man erster Stelle. Neben der klassischen Rechtsberatung bieten wir auch Mediation als eine innovative und pr\u00e4ventive M\u00f6glichkeit der Konfliktl\u00f6sung an.<\/p>\n<p>Kommt es im bestehenden Arbeitsverh\u00e4ltnis oder auf der Ebene zwischen Arbeitgeber und Betriebsrat zu einer gerichtlichen Auseinandersetzung kann dies die Beziehung nachhaltig belasten und einer produktiven Zusammenarbeit im Wege stehen. Wir sind \u00fcberzeugt, dass Mediation Spannungen bereits im Vorfeld entsch\u00e4rfen kann, bevor sie zu arbeitsrechtlichen Ma\u00dfnahmen wie Abmahnungen, K\u00fcndigungen oder gerichtlichen Auseinandersetzungen f\u00fchren. Sie bietet allen Beteiligten die Chance, Konflikte konstruktiv zu l\u00f6sen und damit nicht nur Zeit und Kosten zu sparen, sondern auch unn\u00f6tigen emotionalen Stress zu vermeiden.<\/p>\n<p>Konflikte unter den Mitarbeitenden sind dabei oft nur schwer gerichtlich zufriedenstellend zu kl\u00e4ren. Sie rauben Zeit, Energie und Motivation. Im Rahmen der Mediation besteht die M\u00f6glichkeit diese Konflikte und die ihnen zugrundeliegenden Lebenssachverhalte zu betrachten und so ein gegenseitiges Verst\u00e4ndnis f\u00fcr die jeweiligen Positionen zu erreichen. Es gibt hier keine Gewinner oder Verlierer. Vielmehr k\u00f6nnen nachhaltige L\u00f6sungen gefunden werden, die ein produktiveres und konflikt\u00e4rmeres Zusammenarbeiten auch \u00fcber den aktuellen Konflikt hinaus erm\u00f6glichen. Dar\u00fcber hinaus tr\u00e4gt Mediation dazu bei, eine positive Konfliktkultur im Unternehmen zu etablieren. Selbst wenn es jedoch zu einer K\u00fcndigung kommt, erm\u00f6glicht Mediation, eine einvernehmliche L\u00f6sung zu finden, die \u201everbrannte Erde&#8221; vermeidet und die Beziehung respektvoll beendet.<\/p>\n<p>Im Hinblick auf die Beziehung zwischen Betriebsrat und Arbeitgeber ist ein Kulturwandel im Gange. Gerade in jungen Unternehmen gibt es oft keine Arbeitnehmendenvertretung. Wo es sie gibt, wird oftmals eine neue kooperative Zusammenarbeit angestrebt und die alten Fronten verwischen immer mehr. In diesem neuen Gef\u00fcge trifft Mediation anders als der klassische Gang zum Gericht den Nerv der Zeit. Sie erm\u00f6glicht es in einem strukturierten Rahmen Arbeitnehmer- sowie Arbeitgeberinteressen bestm\u00f6glich in Einklang zu bringen.<\/p>\n<p>Als Spezialisten im Arbeitsrecht kennen wir uns mit den rechtlichen Rahmenbedingungen bestens aus und k\u00f6nnen Konflikte sowie gefundene L\u00f6sungen auf ihre Machbarkeit hin einsch\u00e4tzen. Dabei sind wir nicht nur in der Mediation geschult, sondern auch besonders sensibel f\u00fcr strukturelle Ungleichheiten, Diskriminierung und andere soziale Dynamiken, die Konflikte beeinflussen k\u00f6nnen. Als externe Mediatoren k\u00f6nnen wir losgel\u00f6st von etwaigen Rollenkonflikten die Konflikte betrachten. Unser Anspruch ist es, diese Aspekte professionell zu ber\u00fccksichtigen und so eine faire und respektvolle L\u00f6sung f\u00fcr alle Beteiligten zu finden.<\/p>\n<p>Unsere Mediationsleistungen werden von Friderike Kuhlmann und Emily Palmer, beide ausgebildete Mediatorinnen, erbracht. Sie begleiten die Beteiligten in einem strukturierten und vertraulichen Prozess, um gemeinsam L\u00f6sungen zu entwickeln, die den Interessen aller gerecht werden. Wir sind \u00fcberzeugt, dass Mediation sowohl f\u00fcr Einzelf\u00e4lle als auch als pr\u00e4ventive Ma\u00dfnahme eine wertvolle Erg\u00e4nzung zu herk\u00f6mmlichen L\u00f6sungswegen im Arbeitsrecht darstellt. Wenn Sie mehr \u00fcber unsere pr\u00e4ventive Mediation oder die M\u00f6glichkeit, uns als externe Schlichtungsstelle f\u00fcr Ihr Unternehmen einzubinden, erfahren m\u00f6chten, stehen wir Ihnen jederzeit gerne zur Verf\u00fcgung.<\/p>\n<p>Kontaktieren Sie uns f\u00fcr ein unverbindliches Beratungsgespr\u00e4ch!<\/p>\n","protected":false},"excerpt":{"rendered":"<p>Neben der rechtlichen Beratung bieten wir auch Mediation als eine innovatives und strukturiertes Verfahren der Konfliktl\u00f6sung an. In Teams, unter Kollegen, zwischen Vorgesetzten und Mitarbeitern, Gesch\u00e4ftsf\u00fchrung und Betriebsratsvorsitzendem &#8211; Spannungen und Konflikte geh\u00f6ren fast zum Arbeitsalltag. Mediation hilft, diese nachhaltig zu l\u00f6sen &#8211; gerade dort, wo rechtliche Mittel keine zufriedenstellenden L\u00f6sungen bieten, und ein vertrauensvolles Zusammenarbeiten und positives Arbeitsklima gro\u00dfgeschrieben [&hellip;]<\/p>\n","protected":false},"author":21,"featured_media":0,"parent":6739,"menu_order":2,"comment_status":"closed","ping_status":"closed","template":"","meta":{"_acf_changed":false,"footnotes":""},"class_list":["post-24812","page","type-page","status-publish","hentry"],"acf":[],"yoast_head":"<!-- This site is optimized with the Yoast SEO Premium plugin v24.2 (Yoast SEO v27.3) - https:\/\/yoast.com\/product\/yoast-seo-premium-wordpress\/ -->\n<title>Arbeitsrecht f\u00fcr Betriebsr\u00e4te | MAYR Arbeitsrecht<\/title>\n<meta name=\"description\" content=\"Mediation f\u00fcr Teams\" \/>\n<meta name=\"robots\" content=\"index, follow, max-snippet:-1, max-image-preview:large, max-video-preview:-1\" \/>\n<link rel=\"canonical\" href=\"https:\/\/www.mayr-arbeitsrecht.de\/en\/services\/mediation-fuer-teams\/\" \/>\n<meta property=\"og:locale\" content=\"en_US\" \/>\n<meta property=\"og:type\" content=\"article\" \/>\n<meta property=\"og:title\" content=\"Mediation f\u00fcr Teams\" \/>\n<meta property=\"og:description\" content=\"Mediation f\u00fcr Teams\" \/>\n<meta property=\"og:url\" content=\"https:\/\/www.mayr-arbeitsrecht.de\/en\/services\/mediation-fuer-teams\/\" \/>\n<meta property=\"og:site_name\" content=\"Mayr - Kanzlei f\u00fcr Arbeitsrecht\" \/>\n<meta property=\"article:publisher\" content=\"https:\/\/www.facebook.com\/MAYR-Kanzlei-fr-Arbeitsrecht-216228398402465\/\" \/>\n<meta property=\"article:modified_time\" content=\"2024-11-05T14:06:51+00:00\" \/>\n<meta property=\"og:image\" content=\"https:\/\/www.mayr-arbeitsrecht.de\/wp-content\/uploads\/2018\/08\/MAYR_Social-Media.jpg\" \/>\n<meta name=\"twitter:card\" content=\"summary_large_image\" \/>\n<meta name=\"twitter:site\" content=\"@mayrarbeitsrech\" \/>\n<meta name=\"twitter:label1\" content=\"Est. reading time\" \/>\n\t<meta name=\"twitter:data1\" content=\"3 minutes\" \/>\n<script type=\"application\/ld+json\" class=\"yoast-schema-graph\">{\"@context\":\"https:\\\/\\\/schema.org\",\"@graph\":[{\"@type\":\"WebPage\",\"@id\":\"https:\\\/\\\/www.mayr-arbeitsrecht.de\\\/en\\\/services\\\/mediation-fuer-teams\\\/\",\"url\":\"https:\\\/\\\/www.mayr-arbeitsrecht.de\\\/en\\\/services\\\/mediation-fuer-teams\\\/\",\"name\":\"Arbeitsrecht f\u00fcr Betriebsr\u00e4te | MAYR Arbeitsrecht\",\"isPartOf\":{\"@id\":\"https:\\\/\\\/www.mayr-arbeitsrecht.de\\\/#website\"},\"datePublished\":\"2024-09-26T11:22:49+00:00\",\"dateModified\":\"2024-11-05T14:06:51+00:00\",\"description\":\"Mediation f\u00fcr Teams\",\"breadcrumb\":{\"@id\":\"https:\\\/\\\/www.mayr-arbeitsrecht.de\\\/en\\\/services\\\/mediation-fuer-teams\\\/#breadcrumb\"},\"inLanguage\":\"en-US\",\"potentialAction\":[{\"@type\":\"ReadAction\",\"target\":[\"https:\\\/\\\/www.mayr-arbeitsrecht.de\\\/en\\\/services\\\/mediation-fuer-teams\\\/\"]}]},{\"@type\":\"BreadcrumbList\",\"@id\":\"https:\\\/\\\/www.mayr-arbeitsrecht.de\\\/en\\\/services\\\/mediation-fuer-teams\\\/#breadcrumb\",\"itemListElement\":[{\"@type\":\"ListItem\",\"position\":1,\"name\":\"Home\",\"item\":\"https:\\\/\\\/www.mayr-arbeitsrecht.de\\\/en\\\/\"},{\"@type\":\"ListItem\",\"position\":2,\"name\":\"Services\",\"item\":\"https:\\\/\\\/www.mayr-arbeitsrecht.de\\\/en\\\/services\\\/\"},{\"@type\":\"ListItem\",\"position\":3,\"name\":\"Mediation f\u00fcr Teams\"}]},{\"@type\":\"WebSite\",\"@id\":\"https:\\\/\\\/www.mayr-arbeitsrecht.de\\\/#website\",\"url\":\"https:\\\/\\\/www.mayr-arbeitsrecht.de\\\/\",\"name\":\"Mayr - Kanzlei f\u00fcr Arbeitsrecht\",\"description\":\"\",\"publisher\":{\"@id\":\"https:\\\/\\\/www.mayr-arbeitsrecht.de\\\/#organization\"},\"potentialAction\":[{\"@type\":\"SearchAction\",\"target\":{\"@type\":\"EntryPoint\",\"urlTemplate\":\"https:\\\/\\\/www.mayr-arbeitsrecht.de\\\/?s={search_term_string}\"},\"query-input\":{\"@type\":\"PropertyValueSpecification\",\"valueRequired\":true,\"valueName\":\"search_term_string\"}}],\"inLanguage\":\"en-US\"},{\"@type\":\"Organization\",\"@id\":\"https:\\\/\\\/www.mayr-arbeitsrecht.de\\\/#organization\",\"name\":\"Mayr - Kanzlei f\u00fcr Arbeitsrecht\",\"url\":\"https:\\\/\\\/www.mayr-arbeitsrecht.de\\\/\",\"logo\":{\"@type\":\"ImageObject\",\"inLanguage\":\"en-US\",\"@id\":\"https:\\\/\\\/www.mayr-arbeitsrecht.de\\\/#\\\/schema\\\/logo\\\/image\\\/\",\"url\":\"https:\\\/\\\/www.mayr-arbeitsrecht.de\\\/wp-content\\\/uploads\\\/2025\\\/01\\\/mayr_logo.png\",\"contentUrl\":\"https:\\\/\\\/www.mayr-arbeitsrecht.de\\\/wp-content\\\/uploads\\\/2025\\\/01\\\/mayr_logo.png\",\"width\":558,\"height\":67,\"caption\":\"Mayr - Kanzlei f\u00fcr Arbeitsrecht\"},\"image\":{\"@id\":\"https:\\\/\\\/www.mayr-arbeitsrecht.de\\\/#\\\/schema\\\/logo\\\/image\\\/\"},\"sameAs\":[\"https:\\\/\\\/www.facebook.com\\\/MAYR-Kanzlei-fr-Arbeitsrecht-216228398402465\\\/\",\"https:\\\/\\\/x.com\\\/mayrarbeitsrech\",\"https:\\\/\\\/www.instagram.com\\\/mayrarbeitsrecht\\\/?hl=de\",\"https:\\\/\\\/de.linkedin.com\\\/company\\\/mayr-kanzlei-fr-arbeitsrecht\",\"https:\\\/\\\/www.xing.com\\\/companies\\\/mayrkanzleifrarbeitsrecht\"]}]}<\/script>\n<!-- \/ Yoast SEO Premium plugin. -->","yoast_head_json":{"title":"Arbeitsrecht f\u00fcr Betriebsr\u00e4te | MAYR Arbeitsrecht","description":"Mediation f\u00fcr Teams","robots":{"index":"index","follow":"follow","max-snippet":"max-snippet:-1","max-image-preview":"max-image-preview:large","max-video-preview":"max-video-preview:-1"},"canonical":"https:\/\/www.mayr-arbeitsrecht.de\/en\/services\/mediation-fuer-teams\/","og_locale":"en_US","og_type":"article","og_title":"Mediation f\u00fcr Teams","og_description":"Mediation f\u00fcr Teams","og_url":"https:\/\/www.mayr-arbeitsrecht.de\/en\/services\/mediation-fuer-teams\/","og_site_name":"Mayr - Kanzlei f\u00fcr Arbeitsrecht","article_publisher":"https:\/\/www.facebook.com\/MAYR-Kanzlei-fr-Arbeitsrecht-216228398402465\/","article_modified_time":"2024-11-05T14:06:51+00:00","og_image":[{"url":"https:\/\/www.mayr-arbeitsrecht.de\/wp-content\/uploads\/2018\/08\/MAYR_Social-Media.jpg","type":"","width":"","height":""}],"twitter_card":"summary_large_image","twitter_site":"@mayrarbeitsrech","twitter_misc":{"Est. reading time":"3 minutes"},"schema":{"@context":"https:\/\/schema.org","@graph":[{"@type":"WebPage","@id":"https:\/\/www.mayr-arbeitsrecht.de\/en\/services\/mediation-fuer-teams\/","url":"https:\/\/www.mayr-arbeitsrecht.de\/en\/services\/mediation-fuer-teams\/","name":"Arbeitsrecht f\u00fcr Betriebsr\u00e4te | MAYR Arbeitsrecht","isPartOf":{"@id":"https:\/\/www.mayr-arbeitsrecht.de\/#website"},"datePublished":"2024-09-26T11:22:49+00:00","dateModified":"2024-11-05T14:06:51+00:00","description":"Mediation f\u00fcr Teams","breadcrumb":{"@id":"https:\/\/www.mayr-arbeitsrecht.de\/en\/services\/mediation-fuer-teams\/#breadcrumb"},"inLanguage":"en-US","potentialAction":[{"@type":"ReadAction","target":["https:\/\/www.mayr-arbeitsrecht.de\/en\/services\/mediation-fuer-teams\/"]}]},{"@type":"BreadcrumbList","@id":"https:\/\/www.mayr-arbeitsrecht.de\/en\/services\/mediation-fuer-teams\/#breadcrumb","itemListElement":[{"@type":"ListItem","position":1,"name":"Home","item":"https:\/\/www.mayr-arbeitsrecht.de\/en\/"},{"@type":"ListItem","position":2,"name":"Services","item":"https:\/\/www.mayr-arbeitsrecht.de\/en\/services\/"},{"@type":"ListItem","position":3,"name":"Mediation f\u00fcr Teams"}]},{"@type":"WebSite","@id":"https:\/\/www.mayr-arbeitsrecht.de\/#website","url":"https:\/\/www.mayr-arbeitsrecht.de\/","name":"Mayr - Kanzlei f\u00fcr Arbeitsrecht","description":"","publisher":{"@id":"https:\/\/www.mayr-arbeitsrecht.de\/#organization"},"potentialAction":[{"@type":"SearchAction","target":{"@type":"EntryPoint","urlTemplate":"https:\/\/www.mayr-arbeitsrecht.de\/?s={search_term_string}"},"query-input":{"@type":"PropertyValueSpecification","valueRequired":true,"valueName":"search_term_string"}}],"inLanguage":"en-US"},{"@type":"Organization","@id":"https:\/\/www.mayr-arbeitsrecht.de\/#organization","name":"Mayr - Kanzlei f\u00fcr Arbeitsrecht","url":"https:\/\/www.mayr-arbeitsrecht.de\/","logo":{"@type":"ImageObject","inLanguage":"en-US","@id":"https:\/\/www.mayr-arbeitsrecht.de\/#\/schema\/logo\/image\/","url":"https:\/\/www.mayr-arbeitsrecht.de\/wp-content\/uploads\/2025\/01\/mayr_logo.png","contentUrl":"https:\/\/www.mayr-arbeitsrecht.de\/wp-content\/uploads\/2025\/01\/mayr_logo.png","width":558,"height":67,"caption":"Mayr - Kanzlei f\u00fcr Arbeitsrecht"},"image":{"@id":"https:\/\/www.mayr-arbeitsrecht.de\/#\/schema\/logo\/image\/"},"sameAs":["https:\/\/www.facebook.com\/MAYR-Kanzlei-fr-Arbeitsrecht-216228398402465\/","https:\/\/x.com\/mayrarbeitsrech","https:\/\/www.instagram.com\/mayrarbeitsrecht\/?hl=de","https:\/\/de.linkedin.com\/company\/mayr-kanzlei-fr-arbeitsrecht","https:\/\/www.xing.com\/companies\/mayrkanzleifrarbeitsrecht"]}]}},"_links":{"self":[{"href":"https:\/\/www.mayr-arbeitsrecht.de\/en\/wp-json\/wp\/v2\/pages\/24812","targetHints":{"allow":["GET"]}}],"collection":[{"href":"https:\/\/www.mayr-arbeitsrecht.de\/en\/wp-json\/wp\/v2\/pages"}],"about":[{"href":"https:\/\/www.mayr-arbeitsrecht.de\/en\/wp-json\/wp\/v2\/types\/page"}],"author":[{"embeddable":true,"href":"https:\/\/www.mayr-arbeitsrecht.de\/en\/wp-json\/wp\/v2\/users\/21"}],"replies":[{"embeddable":true,"href":"https:\/\/www.mayr-arbeitsrecht.de\/en\/wp-json\/wp\/v2\/comments?post=24812"}],"version-history":[{"count":2,"href":"https:\/\/www.mayr-arbeitsrecht.de\/en\/wp-json\/wp\/v2\/pages\/24812\/revisions"}],"predecessor-version":[{"id":24815,"href":"https:\/\/www.mayr-arbeitsrecht.de\/en\/wp-json\/wp\/v2\/pages\/24812\/revisions\/24815"}],"up":[{"embeddable":true,"href":"https:\/\/www.mayr-arbeitsrecht.de\/en\/wp-json\/wp\/v2\/pages\/6739"}],"wp:attachment":[{"href":"https:\/\/www.mayr-arbeitsrecht.de\/en\/wp-json\/wp\/v2\/media?parent=24812"}],"curies":[{"name":"wp","href":"https:\/\/api.w.org\/{rel}","templated":true}]}}