{"id":23443,"date":"2024-09-25T15:05:24","date_gmt":"2024-09-25T13:05:24","guid":{"rendered":"https:\/\/www.mayr-arbeitsrecht.de\/?page_id=23443"},"modified":"2025-10-31T14:23:58","modified_gmt":"2025-10-31T13:23:58","slug":"mayr-kanzlei-fuer-arbeitsrecht-ihre-fachanwaelte-fuer-arbeitsrecht-in-berlin-und-brandenburg-2","status":"publish","type":"page","link":"https:\/\/www.mayr-arbeitsrecht.de\/en\/","title":{"rendered":"MAYR Kanzlei f\u00fcr Arbeitsrecht &#8211; <br>Lawyers Specialized in Employment Law"},"content":{"rendered":"<p>Given the complexity of legislation in each individual country, MAYR provides invaluable support to companies and employees based in Germany, or those with business in the country, whatever the size of their company. MAYR\u2019s familiarity with the law from all perspectives gives our lawyers a much greater chance of helping you successfully resolve any dispute. This ultimately improves the quality of the deals we negotiate on your behalf, and keeps time accumulated and subsequent costs incurred to a minimum.<\/p>\n","protected":false},"excerpt":{"rendered":"<p>Given the complexity of legislation in each individual country, MAYR provides invaluable support to companies and employees based in Germany, or those with business in the country, whatever the size of their company. MAYR\u2019s familiarity with the law from all perspectives gives our lawyers a much greater chance of helping you successfully resolve any dispute. This ultimately improves the quality [&hellip;]<\/p>\n","protected":false},"author":20,"featured_media":0,"parent":0,"menu_order":0,"comment_status":"closed","ping_status":"closed","template":"page-main.php","meta":{"_acf_changed":false,"footnotes":""},"class_list":["post-23443","page","type-page","status-publish","hentry"],"acf":[],"yoast_head":"<!-- This site is optimized with the Yoast SEO Premium plugin v24.2 (Yoast SEO v27.3) - https:\/\/yoast.com\/product\/yoast-seo-premium-wordpress\/ -->\n<title>MAYR Kanzlei f\u00fcr Arbeitsrecht in Berlin und Brandenburg<\/title>\n<meta name=\"description\" content=\"MAYR Rechtsanw\u00e4lte f\u00fcr Arbeitsrecht in Berlin. Arbeitsrechtsberatung f\u00fcr Arbeitgeber, F\u00fchrungskr\u00e4fte, Arbeitnehmer, Betriebsr\u00e4te. Telefon: 0800 - 69 80 90 0\" \/>\n<meta name=\"robots\" content=\"index, follow, max-snippet:-1, max-image-preview:large, max-video-preview:-1\" \/>\n<link rel=\"canonical\" href=\"https:\/\/www.mayr-arbeitsrecht.de\/en\/\" \/>\n<meta property=\"og:locale\" content=\"en_US\" \/>\n<meta property=\"og:type\" content=\"article\" \/>\n<meta property=\"og:title\" content=\"MAYR Kanzlei f\u00fcr Arbeitsrecht - Lawyers Specialized in Employment Law\" \/>\n<meta property=\"og:description\" content=\"MAYR Rechtsanw\u00e4lte f\u00fcr Arbeitsrecht in Berlin. Arbeitsrechtsberatung f\u00fcr Arbeitgeber, F\u00fchrungskr\u00e4fte, Arbeitnehmer, Betriebsr\u00e4te. Telefon: 0800 - 69 80 90 0\" \/>\n<meta property=\"og:url\" content=\"https:\/\/www.mayr-arbeitsrecht.de\/en\/\" \/>\n<meta property=\"og:site_name\" content=\"Mayr - Kanzlei f\u00fcr Arbeitsrecht\" \/>\n<meta property=\"article:publisher\" content=\"https:\/\/www.facebook.com\/MAYR-Kanzlei-fr-Arbeitsrecht-216228398402465\/\" \/>\n<meta property=\"article:modified_time\" content=\"2025-10-31T13:23:58+00:00\" \/>\n<meta property=\"og:image\" content=\"https:\/\/www.mayr-arbeitsrecht.de\/wp-content\/uploads\/2018\/08\/MAYR_Social-Media.jpg\" \/>\n<meta name=\"twitter:card\" content=\"summary_large_image\" \/>\n<meta name=\"twitter:site\" content=\"@mayrarbeitsrech\" \/>\n<meta name=\"twitter:label1\" content=\"Est. reading time\" \/>\n\t<meta name=\"twitter:data1\" content=\"1 minute\" \/>\n<script type=\"application\/ld+json\" class=\"yoast-schema-graph\">{\"@context\":\"https:\\\/\\\/schema.org\",\"@graph\":[{\"@type\":\"WebPage\",\"@id\":\"https:\\\/\\\/www.mayr-arbeitsrecht.de\\\/en\\\/\",\"url\":\"https:\\\/\\\/www.mayr-arbeitsrecht.de\\\/en\\\/\",\"name\":\"MAYR Kanzlei f\u00fcr Arbeitsrecht in Berlin und Brandenburg\",\"isPartOf\":{\"@id\":\"https:\\\/\\\/www.mayr-arbeitsrecht.de\\\/#website\"},\"datePublished\":\"2024-09-25T13:05:24+00:00\",\"dateModified\":\"2025-10-31T13:23:58+00:00\",\"description\":\"MAYR Rechtsanw\u00e4lte f\u00fcr Arbeitsrecht in Berlin. Arbeitsrechtsberatung f\u00fcr Arbeitgeber, F\u00fchrungskr\u00e4fte, Arbeitnehmer, Betriebsr\u00e4te. Telefon: 0800 - 69 80 90 0\",\"breadcrumb\":{\"@id\":\"https:\\\/\\\/www.mayr-arbeitsrecht.de\\\/en\\\/#breadcrumb\"},\"inLanguage\":\"en-US\",\"potentialAction\":[{\"@type\":\"ReadAction\",\"target\":[\"https:\\\/\\\/www.mayr-arbeitsrecht.de\\\/en\\\/\"]}]},{\"@type\":\"BreadcrumbList\",\"@id\":\"https:\\\/\\\/www.mayr-arbeitsrecht.de\\\/en\\\/#breadcrumb\",\"itemListElement\":[{\"@type\":\"ListItem\",\"position\":1,\"name\":\"Home\",\"item\":\"https:\\\/\\\/www.mayr-arbeitsrecht.de\\\/en\\\/\"},{\"@type\":\"ListItem\",\"position\":2,\"name\":\"MAYR Kanzlei f\u00fcr Arbeitsrecht &#8211; Lawyers Specialized in Employment Law\"}]},{\"@type\":\"WebSite\",\"@id\":\"https:\\\/\\\/www.mayr-arbeitsrecht.de\\\/#website\",\"url\":\"https:\\\/\\\/www.mayr-arbeitsrecht.de\\\/\",\"name\":\"Mayr - Kanzlei f\u00fcr Arbeitsrecht\",\"description\":\"\",\"publisher\":{\"@id\":\"https:\\\/\\\/www.mayr-arbeitsrecht.de\\\/#organization\"},\"potentialAction\":[{\"@type\":\"SearchAction\",\"target\":{\"@type\":\"EntryPoint\",\"urlTemplate\":\"https:\\\/\\\/www.mayr-arbeitsrecht.de\\\/?s={search_term_string}\"},\"query-input\":{\"@type\":\"PropertyValueSpecification\",\"valueRequired\":true,\"valueName\":\"search_term_string\"}}],\"inLanguage\":\"en-US\"},{\"@type\":\"Organization\",\"@id\":\"https:\\\/\\\/www.mayr-arbeitsrecht.de\\\/#organization\",\"name\":\"Mayr - Kanzlei f\u00fcr Arbeitsrecht\",\"url\":\"https:\\\/\\\/www.mayr-arbeitsrecht.de\\\/\",\"logo\":{\"@type\":\"ImageObject\",\"inLanguage\":\"en-US\",\"@id\":\"https:\\\/\\\/www.mayr-arbeitsrecht.de\\\/#\\\/schema\\\/logo\\\/image\\\/\",\"url\":\"https:\\\/\\\/www.mayr-arbeitsrecht.de\\\/wp-content\\\/uploads\\\/2025\\\/01\\\/mayr_logo.png\",\"contentUrl\":\"https:\\\/\\\/www.mayr-arbeitsrecht.de\\\/wp-content\\\/uploads\\\/2025\\\/01\\\/mayr_logo.png\",\"width\":558,\"height\":67,\"caption\":\"Mayr - Kanzlei f\u00fcr Arbeitsrecht\"},\"image\":{\"@id\":\"https:\\\/\\\/www.mayr-arbeitsrecht.de\\\/#\\\/schema\\\/logo\\\/image\\\/\"},\"sameAs\":[\"https:\\\/\\\/www.facebook.com\\\/MAYR-Kanzlei-fr-Arbeitsrecht-216228398402465\\\/\",\"https:\\\/\\\/x.com\\\/mayrarbeitsrech\",\"https:\\\/\\\/www.instagram.com\\\/mayrarbeitsrecht\\\/?hl=de\",\"https:\\\/\\\/de.linkedin.com\\\/company\\\/mayr-kanzlei-fr-arbeitsrecht\",\"https:\\\/\\\/www.xing.com\\\/companies\\\/mayrkanzleifrarbeitsrecht\"]}]}<\/script>\n<!-- \/ Yoast SEO Premium plugin. -->","yoast_head_json":{"title":"MAYR Kanzlei f\u00fcr Arbeitsrecht in Berlin und Brandenburg","description":"MAYR Rechtsanw\u00e4lte f\u00fcr Arbeitsrecht in Berlin. Arbeitsrechtsberatung f\u00fcr Arbeitgeber, F\u00fchrungskr\u00e4fte, Arbeitnehmer, Betriebsr\u00e4te. Telefon: 0800 - 69 80 90 0","robots":{"index":"index","follow":"follow","max-snippet":"max-snippet:-1","max-image-preview":"max-image-preview:large","max-video-preview":"max-video-preview:-1"},"canonical":"https:\/\/www.mayr-arbeitsrecht.de\/en\/","og_locale":"en_US","og_type":"article","og_title":"MAYR Kanzlei f\u00fcr Arbeitsrecht - Lawyers Specialized in Employment Law","og_description":"MAYR Rechtsanw\u00e4lte f\u00fcr Arbeitsrecht in Berlin. Arbeitsrechtsberatung f\u00fcr Arbeitgeber, F\u00fchrungskr\u00e4fte, Arbeitnehmer, Betriebsr\u00e4te. Telefon: 0800 - 69 80 90 0","og_url":"https:\/\/www.mayr-arbeitsrecht.de\/en\/","og_site_name":"Mayr - Kanzlei f\u00fcr Arbeitsrecht","article_publisher":"https:\/\/www.facebook.com\/MAYR-Kanzlei-fr-Arbeitsrecht-216228398402465\/","article_modified_time":"2025-10-31T13:23:58+00:00","og_image":[{"url":"https:\/\/www.mayr-arbeitsrecht.de\/wp-content\/uploads\/2018\/08\/MAYR_Social-Media.jpg","type":"","width":"","height":""}],"twitter_card":"summary_large_image","twitter_site":"@mayrarbeitsrech","twitter_misc":{"Est. reading time":"1 minute"},"schema":{"@context":"https:\/\/schema.org","@graph":[{"@type":"WebPage","@id":"https:\/\/www.mayr-arbeitsrecht.de\/en\/","url":"https:\/\/www.mayr-arbeitsrecht.de\/en\/","name":"MAYR Kanzlei f\u00fcr Arbeitsrecht in Berlin und Brandenburg","isPartOf":{"@id":"https:\/\/www.mayr-arbeitsrecht.de\/#website"},"datePublished":"2024-09-25T13:05:24+00:00","dateModified":"2025-10-31T13:23:58+00:00","description":"MAYR Rechtsanw\u00e4lte f\u00fcr Arbeitsrecht in Berlin. Arbeitsrechtsberatung f\u00fcr Arbeitgeber, F\u00fchrungskr\u00e4fte, Arbeitnehmer, Betriebsr\u00e4te. Telefon: 0800 - 69 80 90 0","breadcrumb":{"@id":"https:\/\/www.mayr-arbeitsrecht.de\/en\/#breadcrumb"},"inLanguage":"en-US","potentialAction":[{"@type":"ReadAction","target":["https:\/\/www.mayr-arbeitsrecht.de\/en\/"]}]},{"@type":"BreadcrumbList","@id":"https:\/\/www.mayr-arbeitsrecht.de\/en\/#breadcrumb","itemListElement":[{"@type":"ListItem","position":1,"name":"Home","item":"https:\/\/www.mayr-arbeitsrecht.de\/en\/"},{"@type":"ListItem","position":2,"name":"MAYR Kanzlei f\u00fcr Arbeitsrecht &#8211; Lawyers Specialized in Employment Law"}]},{"@type":"WebSite","@id":"https:\/\/www.mayr-arbeitsrecht.de\/#website","url":"https:\/\/www.mayr-arbeitsrecht.de\/","name":"Mayr - Kanzlei f\u00fcr Arbeitsrecht","description":"","publisher":{"@id":"https:\/\/www.mayr-arbeitsrecht.de\/#organization"},"potentialAction":[{"@type":"SearchAction","target":{"@type":"EntryPoint","urlTemplate":"https:\/\/www.mayr-arbeitsrecht.de\/?s={search_term_string}"},"query-input":{"@type":"PropertyValueSpecification","valueRequired":true,"valueName":"search_term_string"}}],"inLanguage":"en-US"},{"@type":"Organization","@id":"https:\/\/www.mayr-arbeitsrecht.de\/#organization","name":"Mayr - Kanzlei f\u00fcr Arbeitsrecht","url":"https:\/\/www.mayr-arbeitsrecht.de\/","logo":{"@type":"ImageObject","inLanguage":"en-US","@id":"https:\/\/www.mayr-arbeitsrecht.de\/#\/schema\/logo\/image\/","url":"https:\/\/www.mayr-arbeitsrecht.de\/wp-content\/uploads\/2025\/01\/mayr_logo.png","contentUrl":"https:\/\/www.mayr-arbeitsrecht.de\/wp-content\/uploads\/2025\/01\/mayr_logo.png","width":558,"height":67,"caption":"Mayr - Kanzlei f\u00fcr Arbeitsrecht"},"image":{"@id":"https:\/\/www.mayr-arbeitsrecht.de\/#\/schema\/logo\/image\/"},"sameAs":["https:\/\/www.facebook.com\/MAYR-Kanzlei-fr-Arbeitsrecht-216228398402465\/","https:\/\/x.com\/mayrarbeitsrech","https:\/\/www.instagram.com\/mayrarbeitsrecht\/?hl=de","https:\/\/de.linkedin.com\/company\/mayr-kanzlei-fr-arbeitsrecht","https:\/\/www.xing.com\/companies\/mayrkanzleifrarbeitsrecht"]}]}},"_links":{"self":[{"href":"https:\/\/www.mayr-arbeitsrecht.de\/en\/wp-json\/wp\/v2\/pages\/23443","targetHints":{"allow":["GET"]}}],"collection":[{"href":"https:\/\/www.mayr-arbeitsrecht.de\/en\/wp-json\/wp\/v2\/pages"}],"about":[{"href":"https:\/\/www.mayr-arbeitsrecht.de\/en\/wp-json\/wp\/v2\/types\/page"}],"author":[{"embeddable":true,"href":"https:\/\/www.mayr-arbeitsrecht.de\/en\/wp-json\/wp\/v2\/users\/20"}],"replies":[{"embeddable":true,"href":"https:\/\/www.mayr-arbeitsrecht.de\/en\/wp-json\/wp\/v2\/comments?post=23443"}],"version-history":[{"count":41,"href":"https:\/\/www.mayr-arbeitsrecht.de\/en\/wp-json\/wp\/v2\/pages\/23443\/revisions"}],"predecessor-version":[{"id":27847,"href":"https:\/\/www.mayr-arbeitsrecht.de\/en\/wp-json\/wp\/v2\/pages\/23443\/revisions\/27847"}],"wp:attachment":[{"href":"https:\/\/www.mayr-arbeitsrecht.de\/en\/wp-json\/wp\/v2\/media?parent=23443"}],"curies":[{"name":"wp","href":"https:\/\/api.w.org\/{rel}","templated":true}]}}